{"id":809,"date":"2025-04-11T08:59:45","date_gmt":"2025-04-11T06:59:45","guid":{"rendered":"https:\/\/reybericos.com\/?page_id=809"},"modified":"2025-04-11T11:32:01","modified_gmt":"2025-04-11T09:32:01","slug":"privacy-policy","status":"publish","type":"page","link":"https:\/\/reybericos.com\/en\/privacy-policy\/","title":{"rendered":"Pol\u00edtica de privacidad"},"content":{"rendered":"<h2 class=\"wp-block-heading\">Qui\u00e9nes somos<\/h2>\n\n\n\n<p>La direcci\u00f3n de nuestra web es: https:\/\/reybericos.com.<\/p>\n\n\n\n<br><span>\u00daltima actualizaci\u00f3n 11-Abril-2025<\/span>\n<br><span>Fecha de entrada en vigor 11-Abril-2025<\/span>\n<\/h1>\n\n<p class=\"privacy-policy-p\">\n    Esta pol\u00edtica de privacidad describe las pol\u00edticas de\n\n    Carlos Portela \u2013 Reyb\u00e8ricos Espa\u00f1a,\n    Avenida Villa de Madrid N.\u00ba 35,\n    V\u00e9lez-M\u00e1laga29700\n    M\u00e1laga   Spain\n    email: info@reybericos.com,\n    phone: 684 40 95 70\n\n     sobre la recopilaci\u00f3n, uso y divulgaci\u00f3n de su informaci\u00f3n que recopilamos cuando utiliza nuestro sitio web ( https:\/\/reybericos.com )-(el \u00abServicio\u00bb). Al acceder o utilizar el Servicio, usted acepta la recopilaci\u00f3n, el uso y la divulgaci\u00f3n de su informaci\u00f3n de conformidad con la presente Pol\u00edtica de Privacidad. Si no da su consentimiento, le rogamos que no acceda al Servicio ni lo utilice.<\/p> \n\n\n<p>Podemos modificar esta Pol\u00edtica de Privacidad en cualquier momento sin previo aviso y publicaremos la Pol\u00edtica de Privacidad revisada en el Servicio. La Pol\u00edtica revisada entrar\u00e1 en vigor a los 180 d\u00edas de su publicaci\u00f3n en el Servicio y su acceso o uso continuado del Servicio despu\u00e9s de dicho plazo constituir\u00e1 su aceptaci\u00f3n de la Pol\u00edtica de Privacidad revisada. Por lo tanto, le recomendamos que revise peri\u00f3dicamente esta p\u00e1gina.\n<\/p>\n\n       \n        <h2 class=\"privacy-policy-h2\">\n            Informaci\u00f3n que recopilamos:\n        <\/h2>\n        \n        <p class=\"privacy-policy-p\">\n            Recopilaremos y procesaremos los siguientes datos informaci\u00f3n personal sobre usted:\n        <\/p>\n      \n\n                        <li>Name<\/li>\n            \n                        <li>Mail<\/li>\n            \n                        <li>Telephone<\/li>\n                        <li>City<\/li> <br><br>    \n            \n            \n            \n            \n                        \n                        \n\n        \n\n        \n\n \n\n    \n    \n\n      \n        <h2 class=\"privacy-policy-h2\">\n            C\u00f3mo utilizamos su informaci\u00f3n:\n        <\/h2>\n        <p class=\"privacy-policy-p\">\n            Utilizaremos la informaci\u00f3n que recopilemos sobre usted para los siguientes fines:\n        <\/p>\n       \n\n                        <li>Enviarle informaci\u00f3n de nuestros servicios, solicitada previamente por usted.<\/li>\n            \n            \n            \n            \n            \n            \n                        <li>Ayuda<\/li>\n            \n                        <li>Informaci\u00f3n administrativa<\/li>\n            \n            \n                        <li>Gestionar los pedidos de los clientes<\/li>\n            \n            \n            \n            \n            \n        <br><br>\n        \n            Si queremos utilizar su informaci\u00f3n para cualquier otro fin, le pediremos su consentimiento y utilizaremos su informaci\u00f3n s\u00f3lo cuando recibamos su consentimiento y, en ese caso, s\u00f3lo para el fin o fines para los que otorgamos el consentimiento, a menos que la ley nos obligue a hacer otra cosa.\n        <\/p>\n    \n        <br><br>\n        <h2 class=\"privacy-policy-h2\">\n            Conservaci\u00f3n de sus datos:\n        <\/h2>\n        <p class=\"privacy-policy-p\">\n           Conservaremos su informaci\u00f3n personal con nosotros durante 30 d\u00edas desde que el usuario se pone en contacto con nosotros o durante el tiempo que la necesitemos para cumplir los fines para los que fue recopilada seg\u00fan se detalla en esta Pol\u00edtica de Privacidad. Es posible que necesitemos conservar determinada informaci\u00f3n durante per\u00edodos m\u00e1s largos, por ejemplo, para mantener registros o elaborar informes de conformidad con la legislaci\u00f3n aplicable o por otros motivos leg\u00edtimos, como el ejercicio de derechos legales, la prevenci\u00f3n del fraude, etc. La informaci\u00f3n an\u00f3nima residual y la informaci\u00f3n agregada, ninguna de las cuales le identifica (directa o indirectamente), pueden almacenarse indefinidamente.\n        <\/p>\n    \n    \n   \n        <h2 class=\"privacy-policy-h2\">\n            Sus derechos:\n        <\/h2>\n        <p class=\"privacy-policy-p\">\n            En funci\u00f3n de la legislaci\u00f3n aplicable, usted puede tener\n            derecho de acceso, rectificaci\u00f3n o supresi\u00f3n de sus\n            o recibir una copia de sus datos personales\n            personales, limitar el tratamiento activo de sus\n            tratamiento activo de sus datos, pedirnos que compartamos (portemos)\n            sus datos personales a otra entidad,\n            retirar cualquier consentimiento que nos haya dado para\n            tratamiento de sus datos, derecho a presentar una reclamaci\u00f3n\n            ante una autoridad legal y otros derechos\n            que puedan corresponderle en virtud de la legislaci\u00f3n aplicable. Para\n            ejercer estos derechos, puede escribirnos a\n            info@reybericos.com.\n            Responderemos a su\n            solicitud de conformidad con la legislaci\u00f3n aplicable.\n        <\/p>\n\n                <p class=\"privacy-policy-p\">\n            Puede optar por no recibir comunicaciones\n            de marketing directo o de la elaboraci\u00f3n de perfiles\n            marketing escribi\u00e9ndonos a\n            info@reybericos.com.\n        <\/p>\n        \n        <p class=\"privacy-policy-p\">\n            Tenga en cuenta que si no nos permite recoger\n            o procesar la informaci\u00f3n personal requerida o\n            retirar el consentimiento para el tratamiento de los mismos para los\n            fines requeridos, es posible que no pueda acceder\n            o utilizar los servicios para los que su informaci\u00f3n\n            se solicit\u00f3.\n        <\/p>\n    \n        \n        <h2 class=\"privacy-policy-h2\">\n            Cookies Etc.\n        <\/h2>\n        <p class=\"privacy-policy-p\">\n\n            \n            Para saber m\u00e1s sobre c\u00f3mo las utilizamos\n            y sus opciones en relaci\u00f3n con este seguimiento\n            tecnolog\u00edas de rastreo, consulte nuestra\n            <a href=\"https:\/\/reybericos.com\/en\/cookie-policy\/\">Pol\u00edtica de Cookies.<\/a>\n        <\/p>\n   \n    \n   \n        <h2 class=\"privacy-policy-h2\">\n            Seguridad:\n        <\/h2>\n        <p class=\"privacy-policy-p\">\n            La seguridad de su informaci\u00f3n es importante para\n            y utilizaremos medidas de seguridad razonables\n            para evitar la p\u00e9rdida, el uso indebido o la\n            o alteraci\u00f3n no autorizada de la informaci\u00f3n\n            bajo nuestro control. Sin embargo, dados los riesgos inherentes, no podemos\n            no podemos garantizar una seguridad absoluta y\n            seguridad absoluta y, en consecuencia, no podemos\n            seguridad de cualquier informaci\u00f3n que nos transmita\n            y usted lo hace por su cuenta y riesgo.\n        <\/p><br>\n    \n\n    \n   \n        <h2 class=\"privacy-policy-h2\">\n            Responsable de quejas y protecci\u00f3n de datos:\n        <\/h2>\n        <p class=\"privacy-policy-p\">\n            Si tiene alguna pregunta o duda sobre el tratamiento de su informaci\u00f3n disponible con nosotros, puede enviar un correo electr\u00f3nico a nuestro responsable de quejas a:<br>\n            Carlos Portela \u2013 Reyb\u00e8ricos Espa\u00f1a,\n            Avenida Villa de Madrid N.\u00ba 35,\n            email: info@reybericos.com<br>\n            Abordaremos sus preocupaciones de conformidad con la legislaci\u00f3n aplicable.\n        <\/p>\n    \n\n\n\n\n<p><\/p>","protected":false},"excerpt":{"rendered":"<p>Qui\u00e9nes somos La direcci\u00f3n de nuestra web es: https:\/\/reybericos.com. \u00daltima actualizaci\u00f3n 11-Abril-2025 Fecha de entrada en vigor 11-Abril-2025 Esta pol\u00edtica de privacidad describe las pol\u00edticas de Carlos Portela \u2013 Reyb\u00e8ricos&#8230;<\/p>","protected":false},"author":1,"featured_media":0,"parent":0,"menu_order":0,"comment_status":"closed","ping_status":"closed","template":"","meta":{"_acf_changed":false,"_kad_blocks_custom_css":"","_kad_blocks_head_custom_js":"","_kad_blocks_body_custom_js":"","_kad_blocks_footer_custom_js":"","_kadence_starter_templates_imported_post":false,"_kad_post_transparent":"","_kad_post_title":"","_kad_post_layout":"","_kad_post_sidebar_id":"","_kad_post_content_style":"","_kad_post_vertical_padding":"","_kad_post_feature":"","_kad_post_feature_position":"","_kad_post_header":false,"_kad_post_footer":false,"_kad_post_classname":"","footnotes":""},"class_list":["post-809","page","type-page","status-publish","hentry"],"acf":[],"taxonomy_info":[],"featured_image_src_large":false,"author_info":{"display_name":"Reybericos","author_link":"https:\/\/reybericos.com\/en\/author\/22a33b22a33b\/"},"comment_info":0,"_links":{"self":[{"href":"https:\/\/reybericos.com\/en\/wp-json\/wp\/v2\/pages\/809","targetHints":{"allow":["GET"]}}],"collection":[{"href":"https:\/\/reybericos.com\/en\/wp-json\/wp\/v2\/pages"}],"about":[{"href":"https:\/\/reybericos.com\/en\/wp-json\/wp\/v2\/types\/page"}],"author":[{"embeddable":true,"href":"https:\/\/reybericos.com\/en\/wp-json\/wp\/v2\/users\/1"}],"replies":[{"embeddable":true,"href":"https:\/\/reybericos.com\/en\/wp-json\/wp\/v2\/comments?post=809"}],"version-history":[{"count":19,"href":"https:\/\/reybericos.com\/en\/wp-json\/wp\/v2\/pages\/809\/revisions"}],"predecessor-version":[{"id":833,"href":"https:\/\/reybericos.com\/en\/wp-json\/wp\/v2\/pages\/809\/revisions\/833"}],"wp:attachment":[{"href":"https:\/\/reybericos.com\/en\/wp-json\/wp\/v2\/media?parent=809"}],"curies":[{"name":"wp","href":"https:\/\/api.w.org\/{rel}","templated":true}]}}